{"id":3,"date":"2023-05-10T23:19:38","date_gmt":"2023-05-10T21:19:38","guid":{"rendered":"http:\/\/www.fdubois-avocat.fr\/?page_id=3"},"modified":"2023-05-12T02:00:11","modified_gmt":"2023-05-12T00:00:11","slug":"mentions-legales","status":"publish","type":"page","link":"https:\/\/www.fdubois-avocat.fr\/index.php\/mentions-legales\/","title":{"rendered":"Mentions L\u00e9gales"},"content":{"rendered":"\n<p><em>Editeur du site et Directeur de la publication&nbsp;:<\/em><\/p>\n\n\n\n<p>Me Florence Dubois<\/p>\n\n\n\n<p>5, rue Maillard \u2013 75011 Paris<\/p>\n\n\n\n<p>SIREN 791 510 183<\/p>\n\n\n\n<p>+33 (0) 6 28 96 41 62<\/p>\n\n\n\n<p><a href=\"mailto:contact@fdubois-avocat.fr\">contact@fdubois-avocat.fr<\/a><\/p>\n\n\n\n<p><em>H\u00e9bergeur du site&nbsp;:<\/em><\/p>\n\n\n\n<p>OVH SAS &#8211; capital social&nbsp;: 10.174.560 euros &#8211; RCS Lille sous le num\u00e9ro 424 761 419 \u2013 2, rue Kellermann \u2013 59100 Roubaix \u2013 France<\/p>\n\n\n\n<p><strong>Politique de confidentialit\u00e9 et de protection des donn\u00e9es personnelles<\/strong><\/p>\n\n\n\n<p>Le cabinet accorde une grande importance \u00e0 la confidentialit\u00e9 et \u00e0 la protection des donn\u00e9es personnelles des utilisateurs du site <a href=\"http:\/\/www.fdubois-avocat.fr\">www.fdubois-avocat.fr<\/a> (le \u00ab\u00a0Site\u00a0\u00bb) qu\u2019il recueille.<\/p>\n\n\n\n<p>1. Collecte des informations personnelles<\/p>\n\n\n\n<p>Le cabinet peut recueillir certaines informations personnelles lorsque les utilisateurs visitent le site, notamment par le biais du formulaire de contact ou en cas d\u2019inscription \u00e0 la newsletter. Les informations personnelles ainsi collect\u00e9es peuvent inclure les nom et pr\u00e9nom, adresse \u00e9lectronique, num\u00e9ro de t\u00e9l\u00e9phone et autres informations que l\u2019utilisateur choisit de fournir.<\/p>\n\n\n\n<p>2. Utilisation des informations personnelles<\/p>\n\n\n\n<p>Le cabinet utilise les informations personnelles qui lui sont communiqu\u00e9es dans le seul but de r\u00e9pondre aux demandes sp\u00e9cifiques qui lui sont adress\u00e9es en vue de la fourniture de services juridiques, ou pour l\u2019envoi de communications concernant ses services (newsletters, invitations \u00e0 des \u00e9v\u00e8nements juridiques\u2026).<\/p>\n\n\n\n<p>3. Protection des donn\u00e9es personnelles<\/p>\n\n\n\n<p>Le cabinet prend toutes les mesures techniques et organisationnelles appropri\u00e9es pour prot\u00e9ger vos informations personnelles contre tout acc\u00e8s non autoris\u00e9, toute divulgation, toute alt\u00e9ration ou toute destruction, par l\u2019emploi de m\u00e9thodes de s\u00e9curit\u00e9 adapt\u00e9es, y compris des mesures de cryptage des informations sensibles.<\/p>\n\n\n\n<p>4. Conservation des donn\u00e9es personnelles<\/p>\n\n\n\n<p>Le cabinet ne conserve les donn\u00e9es personnelles collect\u00e9es que durant le temps n\u00e9cessaire aux fins pour lesquelles elles ont \u00e9t\u00e9 collect\u00e9es, sauf si la loi impose une dur\u00e9e de conservation plus longue.<\/p>\n\n\n\n<p>Il met ainsi en place des proc\u00e9dures pour garantir la suppression s\u00e9curis\u00e9e des donn\u00e9es d\u00e8s que celles-ci ne sont plus n\u00e9cessaires.<\/p>\n\n\n\n<p>5. Cookies et technologies similaires<\/p>\n\n\n\n<p>Le cabinet utilise des cookies et autres technologies similaires pour collecter des informations relatives \u00e0 votre utilisation du site. Ces informations sont utilis\u00e9es exclusivement pour am\u00e9liorer votre exp\u00e9rience en ligne et personnaliser le contenu qui vous est propos\u00e9.<\/p>\n\n\n\n<p>Les utilisateurs ont la possibilit\u00e9 de g\u00e9rer leurs pr\u00e9f\u00e9rences relativement \u00e0 l\u2019utilisation des cookies en ajustant les param\u00e8tres de leur navigateur ainsi que par le bien du formulaire d\u2019acceptation des cookies qui s\u2019affiche lors de la connexion au site.<\/p>\n\n\n\n<p>6. Liens vers d\u2019autres sites internet<\/p>\n\n\n\n<p>Le Site peut contenir des liens vers d\u2019autres sites internet qui ne sont pas exploit\u00e9s par le Cabinet. Celui-ci ne saurait \u00eatre tenu pour responsable des pratiques de confidentialit\u00e9 de ces sites dont les utilisateurs ont la responsabilit\u00e9 de consulter les politiques de confidentialit\u00e9.<\/p>\n\n\n\n<p>7. Droits des utilisateurs<\/p>\n\n\n\n<p>Les utilisateurs du Site ont le droit d\u2019acc\u00e9der \u00e0 leurs donn\u00e9es personnelles, de les rectifier, de les mettre \u00e0 jour ou de les supprimer sur simple demande formul\u00e9e au Cabinet \u00e0 l\u2019adresse <a href=\"mailto:contact@fdubois-avocat.fr\">contact@fdubois-avocat.fr<\/a>, sous r\u00e9serve des \u00e9ventuelles obligations l\u00e9gales et\/ou raisons l\u00e9gitimes de conservation qui seraient \u00e0 la charge du Cabinet.<\/p>\n\n\n\n<p>Le Cabinet r\u00e9pondra \u00e0 ces demandes dans les meilleurs d\u00e9lais et conform\u00e9ment \u00e0 la l\u00e9gislation applicable.<\/p>\n\n\n\n<p>8. Modifications de la politique de confidentialit\u00e9<\/p>\n\n\n\n<p>Le Cabinet se r\u00e9serve le droit de modifier la pr\u00e9sente politique de confidentialit\u00e9 \u00e0 tout moment. Toute modification sera publi\u00e9e sur le Site et prendra effet imm\u00e9diatement.<\/p>\n","protected":false},"excerpt":{"rendered":"<p>Editeur du site et Directeur de la publication&nbsp;: Me Florence Dubois 5, rue Maillard \u2013 75011 Paris SIREN 791 510 183 +33 (0) 6 28 96 41 62 contact@fdubois-avocat.fr H\u00e9bergeur du site&nbsp;: OVH SAS &#8211; capital social&nbsp;: 10.174.560 euros &#8211; RCS Lille sous le num\u00e9ro 424 761 419 \u2013 2, rue Kellermann \u2013 59100 Roubaix [&hellip;]<\/p>\n","protected":false},"author":1,"featured_media":0,"parent":0,"menu_order":0,"comment_status":"closed","ping_status":"open","template":"","meta":{"_themeisle_gutenberg_block_has_review":false,"footnotes":""},"class_list":["post-3","page","type-page","status-publish","hentry"],"_links":{"self":[{"href":"https:\/\/www.fdubois-avocat.fr\/index.php\/wp-json\/wp\/v2\/pages\/3","targetHints":{"allow":["GET"]}}],"collection":[{"href":"https:\/\/www.fdubois-avocat.fr\/index.php\/wp-json\/wp\/v2\/pages"}],"about":[{"href":"https:\/\/www.fdubois-avocat.fr\/index.php\/wp-json\/wp\/v2\/types\/page"}],"author":[{"embeddable":true,"href":"https:\/\/www.fdubois-avocat.fr\/index.php\/wp-json\/wp\/v2\/users\/1"}],"replies":[{"embeddable":true,"href":"https:\/\/www.fdubois-avocat.fr\/index.php\/wp-json\/wp\/v2\/comments?post=3"}],"version-history":[{"count":1,"href":"https:\/\/www.fdubois-avocat.fr\/index.php\/wp-json\/wp\/v2\/pages\/3\/revisions"}],"predecessor-version":[{"id":49,"href":"https:\/\/www.fdubois-avocat.fr\/index.php\/wp-json\/wp\/v2\/pages\/3\/revisions\/49"}],"wp:attachment":[{"href":"https:\/\/www.fdubois-avocat.fr\/index.php\/wp-json\/wp\/v2\/media?parent=3"}],"curies":[{"name":"wp","href":"https:\/\/api.w.org\/{rel}","templated":true}]}}